{"id":54,"date":"2023-11-17T04:28:11","date_gmt":"2023-11-17T04:28:11","guid":{"rendered":"https:\/\/jonnas.vlab.fi\/matelijat\/?page_id=54"},"modified":"2023-11-25T11:42:37","modified_gmt":"2023-11-25T11:42:37","slug":"liskot","status":"publish","type":"page","link":"https:\/\/jonnas.vlab.fi\/matelijat\/liskot\/","title":{"rendered":"Liskot"},"content":{"rendered":"\n<p>Suomessa tavattavat liskot ovat sisilisko ja vaskitsa. Sisiliskot ovat ainoita\u00a0Suomessa\u00a0tavattavia liskomaisia (siis pitkulainen, nelijalkainen ja suomupeitteinen)\u00a0liskoja. Toinen liskolajimme, vaskitsa, on jalaton lisko, jonka helposti luullaan olevan k\u00e4\u00e4rme, ja sekoitetaan joskus jopa kyyk\u00e4\u00e4rmeeseen.<\/p>\n\n\n\n<p>Suomesta l\u00f6ydettiin uusi liskolaji, hietasisilisko, huhtikuussa vuonna 2014. Havainto tehtiin Lounais-Suomessa hiekkakuopalla. Lajia on sittemmin l\u00f6ytynyt laajalta alueelta, Paraisilta aina Laitilaan asti. It\u00e4isin havainto on tehty Lahdessa kes\u00e4ll\u00e4 2022. N\u00e4m\u00e4 liskot viihtyv\u00e4t erityisen hyvin kanervaa kasvavilla hietanummilla, hiekkakuoppien laita-alueilla tai muulla aurinkoisella, kuivalla ja hiekkapohjaisella paikalla, jossa on tihe\u00e4\u00e4 kasvillisuutta.<\/p>\n\n\n\n<hr class=\"wp-block-separator has-alpha-channel-opacity\"\/>\n\n\n\n<h2 class=\"wp-block-heading\">Sisilisko (Zootoca vivipara)<\/h2>\n\n\n\n<div class=\"wp-block-columns is-layout-flex wp-container-core-columns-is-layout-9d6595d7 wp-block-columns-is-layout-flex\">\n<div class=\"wp-block-column is-layout-flow wp-block-column-is-layout-flow\"><\/div>\n\n\n\n<div class=\"wp-block-column is-layout-flow wp-block-column-is-layout-flow\"><\/div>\n<\/div>\n\n\n\n<div class=\"wp-block-columns is-layout-flex wp-container-core-columns-is-layout-9d6595d7 wp-block-columns-is-layout-flex\">\n<div class=\"wp-block-column is-layout-flow wp-block-column-is-layout-flow\">\n<figure class=\"wp-block-image size-large is-resized\"><img loading=\"lazy\" decoding=\"async\" width=\"1024\" height=\"615\" src=\"https:\/\/jonnas.vlab.fi\/matelijat\/wp-content\/uploads\/2023\/11\/IMG_3522-Edit-1024x615.jpg\" alt=\"Yleisimm\u00e4t liskot Suomessa ovat sisiliskoja.\" class=\"wp-image-178\" style=\"width:534px;height:auto\" srcset=\"https:\/\/jonnas.vlab.fi\/matelijat\/wp-content\/uploads\/2023\/11\/IMG_3522-Edit-1024x615.jpg 1024w, https:\/\/jonnas.vlab.fi\/matelijat\/wp-content\/uploads\/2023\/11\/IMG_3522-Edit-300x180.jpg 300w, https:\/\/jonnas.vlab.fi\/matelijat\/wp-content\/uploads\/2023\/11\/IMG_3522-Edit-768x461.jpg 768w, https:\/\/jonnas.vlab.fi\/matelijat\/wp-content\/uploads\/2023\/11\/IMG_3522-Edit-1536x923.jpg 1536w, https:\/\/jonnas.vlab.fi\/matelijat\/wp-content\/uploads\/2023\/11\/IMG_3522-Edit-2048x1231.jpg 2048w\" sizes=\"auto, (max-width: 1024px) 100vw, 1024px\" \/><\/figure>\n<\/div>\n\n\n\n<div class=\"wp-block-column is-layout-flow wp-block-column-is-layout-flow\">\n<p><\/p>\n\n\n\n<p>Sisilisko on Suomen runsaslukuisin ja laajimmalle levinnyt matelijalaji. L\u00e4hes jokainen on joskus n\u00e4hnyt t\u00e4m\u00e4n pikkuisen liskon paistattelevan p\u00e4iv\u00e4\u00e4 jollakin l\u00e4mpim\u00e4ll\u00e4 kivell\u00e4 tai kannolla. Sisilisko on ainoa Suomessa tavattava liskomainen lisko. Toinen liskolajimme on jalaton vaskitsa, ja ulkoisesti liskoa muistuttavat vesilisko ja rupilisko ovat salamanteriel\u00e4imi\u00e4. Niinp\u00e4 sisiliskon tunnistaminen on yleens\u00e4 vaivatonta, eik\u00e4 sekaannuksia p\u00e4\u00e4se sattumaan.<\/p>\n\n\n\n<p>Viel\u00e4 muutama vuosi sitten sisiliskon tieteellinen nimi oli&nbsp;<em>Lacerta vivipara<\/em>, mutta nykyk\u00e4sityksen mukaan se kuuluu&nbsp;<em>Zootoca<\/em>-sukuun.<\/p>\n\n\n\n<div class=\"wp-block-buttons is-layout-flex wp-block-buttons-is-layout-flex\">\n<div class=\"wp-block-button has-custom-font-size is-style-primary has-small-font-size\"><a class=\"wp-block-button__link wp-element-button\" href=\"http:\/\/jonnas.vlab.fi\/matelijat\/sisilisko\/\" style=\"border-radius:63px\">Lue lis\u00e4\u00e4<\/a><\/div>\n<\/div>\n<\/div>\n<\/div>\n\n\n\n<p><\/p>\n\n\n\n<hr class=\"wp-block-separator has-alpha-channel-opacity\"\/>\n\n\n\n<h2 class=\"wp-block-heading\">Vaskitsa (Anguis colchica)<\/h2>\n\n\n\n<div class=\"wp-block-columns is-layout-flex wp-container-core-columns-is-layout-9d6595d7 wp-block-columns-is-layout-flex\">\n<div class=\"wp-block-column is-layout-flow wp-block-column-is-layout-flow\">\n<p><\/p>\n\n\n\n<p>Vaikka vaskitsa jalattomana muistuttaa k\u00e4\u00e4rmett\u00e4, ja sit\u00e4 on pitk\u00e4\u00e4n kutsuttu vaskik\u00e4\u00e4rmeeksi ei se ole k\u00e4\u00e4rme, vaan lisko. Jos jalkojen puuttumista ei lasketa, t\u00e4ytt\u00e4\u00e4 vaskitsa kaikki liskoille tyypilliset tuntomerkit ja on n\u00e4in l\u00e4heisemp\u00e4\u00e4 sukua sisiliskolle kuin k\u00e4\u00e4rmeille. Piilotteleva ja h\u00e4m\u00e4r\u00e4n aikaan liikkuva vaskitsa ei ole niit\u00e4 helpoimpia havaittavia, mutta hyv\u00e4ll\u00e4 tuurilla, tai taidolla, sen p\u00e4\u00e4see toisinaan n\u00e4kem\u00e4\u00e4n etel\u00e4isen Suomen lehtipuuvoittoisissa metsiss\u00e4 ja aukeilla.<\/p>\n\n\n\n<div class=\"wp-block-buttons is-layout-flex wp-block-buttons-is-layout-flex\">\n<div class=\"wp-block-button has-custom-font-size is-style-primary has-small-font-size\"><a class=\"wp-block-button__link wp-element-button\" href=\"http:\/\/jonnas.vlab.fi\/matelijat\/vaskitsa\/\" style=\"border-radius:52px\">Lue lis\u00e4\u00e4<\/a><\/div>\n<\/div>\n<\/div>\n\n\n\n<div class=\"wp-block-column is-layout-flow wp-block-column-is-layout-flow\">\n<figure class=\"wp-block-image size-large\"><img loading=\"lazy\" decoding=\"async\" width=\"1024\" height=\"683\" src=\"https:\/\/jonnas.vlab.fi\/matelijat\/wp-content\/uploads\/2023\/11\/vaskitsa-1024x683.jpg\" alt=\"Liskot miellet\u00e4\u00e4n usein nelijalkaisiksi ja suomupeitteisiksi. Vaskitsa on kuitenkin jalaton lisko, jolla ei n\u00e4y selke\u00e4\u00e4 suomukuviota.\" class=\"wp-image-179\" srcset=\"https:\/\/jonnas.vlab.fi\/matelijat\/wp-content\/uploads\/2023\/11\/vaskitsa-1024x683.jpg 1024w, https:\/\/jonnas.vlab.fi\/matelijat\/wp-content\/uploads\/2023\/11\/vaskitsa-300x200.jpg 300w, https:\/\/jonnas.vlab.fi\/matelijat\/wp-content\/uploads\/2023\/11\/vaskitsa-768x512.jpg 768w, https:\/\/jonnas.vlab.fi\/matelijat\/wp-content\/uploads\/2023\/11\/vaskitsa-1536x1025.jpg 1536w, https:\/\/jonnas.vlab.fi\/matelijat\/wp-content\/uploads\/2023\/11\/vaskitsa-930x620.jpg 930w, https:\/\/jonnas.vlab.fi\/matelijat\/wp-content\/uploads\/2023\/11\/vaskitsa.jpg 2000w\" sizes=\"auto, (max-width: 1024px) 100vw, 1024px\" \/><\/figure>\n<\/div>\n<\/div>\n\n\n\n<hr class=\"wp-block-separator has-alpha-channel-opacity\"\/>\n\n\n\n<h2 class=\"wp-block-heading\">Hietasisilisko (Lacerta agilis)<\/h2>\n\n\n\n<div class=\"wp-block-columns is-layout-flex wp-container-core-columns-is-layout-9d6595d7 wp-block-columns-is-layout-flex\">\n<div class=\"wp-block-column is-layout-flow wp-block-column-is-layout-flow\">\n<figure class=\"wp-block-image size-large\"><img loading=\"lazy\" decoding=\"async\" width=\"1024\" height=\"683\" src=\"https:\/\/jonnas.vlab.fi\/matelijat\/wp-content\/uploads\/2023\/11\/jIMG_5755-Edit-1024x683.jpg\" alt=\"Hietasisilisko on Suomessa vuonna 2014 l\u00f6ydetty lisko.\" class=\"wp-image-180\" srcset=\"https:\/\/jonnas.vlab.fi\/matelijat\/wp-content\/uploads\/2023\/11\/jIMG_5755-Edit-1024x683.jpg 1024w, https:\/\/jonnas.vlab.fi\/matelijat\/wp-content\/uploads\/2023\/11\/jIMG_5755-Edit-300x200.jpg 300w, https:\/\/jonnas.vlab.fi\/matelijat\/wp-content\/uploads\/2023\/11\/jIMG_5755-Edit-768x512.jpg 768w, https:\/\/jonnas.vlab.fi\/matelijat\/wp-content\/uploads\/2023\/11\/jIMG_5755-Edit-1536x1024.jpg 1536w, https:\/\/jonnas.vlab.fi\/matelijat\/wp-content\/uploads\/2023\/11\/jIMG_5755-Edit-2048x1365.jpg 2048w, https:\/\/jonnas.vlab.fi\/matelijat\/wp-content\/uploads\/2023\/11\/jIMG_5755-Edit-930x620.jpg 930w\" sizes=\"auto, (max-width: 1024px) 100vw, 1024px\" \/><\/figure>\n<\/div>\n\n\n\n<div class=\"wp-block-column is-layout-flow wp-block-column-is-layout-flow\">\n<p><\/p>\n\n\n\n<p>Huhtikuussa 2014 lounaissuomalaisella hiekkakuopalla bongattiin vihert\u00e4v\u00e4 sisilisko. Havainnoija sai el\u00e4imen kiinni, ja laji saatiin vahvistettua hietasisiliskoksi. My\u00f6hemmill\u00e4 retkill\u00e4 paikalta l\u00f6ytyi hietasisiliskoja useampiakin. Joukossa oli molempia sukupuolia, sek\u00e4 nuoria yksil\u00f6it\u00e4, joten vaikutti silt\u00e4, ett\u00e4 laji lis\u00e4\u00e4ntyy kyseisell\u00e4 paikalla. My\u00f6hempin\u00e4 vuosina lajin on havaittu lis\u00e4\u00e4ntyv\u00e4n monilla vastaavilla alueilla Lounais-Suomessa. Lajista on tehty havaintoja Paraisilta aina Laitilaan. It\u00e4isimm\u00e4t Varsinais-Suomen havainnot ovat Liedosta. Kes\u00e4ll\u00e4 2022 lajin yksi\u00f6it\u00e4 l\u00f6ytyi my\u00f6s Lahden seudulta.<\/p>\n\n\n\n<div class=\"wp-block-buttons is-layout-flex wp-block-buttons-is-layout-flex\">\n<div class=\"wp-block-button has-custom-font-size is-style-primary has-small-font-size\"><a class=\"wp-block-button__link wp-element-button\" href=\"http:\/\/jonnas.vlab.fi\/matelijat\/hietasisilisko\/\" style=\"border-radius:56px\">Lue lis\u00e4\u00e4<\/a><\/div>\n<\/div>\n<\/div>\n<\/div>\n\n\n\n<p><\/p>\n","protected":false},"excerpt":{"rendered":"<p>Suomessa tavattavat liskot ovat sisilisko ja vaskitsa. Sisiliskot ovat ainoita\u00a0Suomessa\u00a0tavattavia liskomaisia (siis pitkulainen, nelijalkainen ja suomupeitteinen)\u00a0liskoja. Toinen liskolajimme, vaskitsa, on jalaton lisko, jonka helposti luullaan olevan k\u00e4\u00e4rme, ja sekoitetaan joskus jopa kyyk\u00e4\u00e4rmeeseen. Suomesta l\u00f6ydettiin uusi liskolaji, hietasisilisko, huhtikuussa vuonna 2014. Havainto tehtiin Lounais-Suomessa hiekkakuopalla. Lajia on sittemmin l\u00f6ytynyt laajalta alueelta, Paraisilta aina Laitilaan asti. It\u00e4isin&hellip;&nbsp;<a href=\"https:\/\/jonnas.vlab.fi\/matelijat\/liskot\/\" class=\"\" rel=\"bookmark\">Read More &raquo;<span class=\"screen-reader-text\">Liskot<\/span><\/a><\/p>\n","protected":false},"author":1,"featured_media":0,"parent":0,"menu_order":0,"comment_status":"closed","ping_status":"closed","template":"","meta":{"neve_meta_sidebar":"","neve_meta_container":"","neve_meta_enable_content_width":"","neve_meta_content_width":0,"neve_meta_title_alignment":"","neve_meta_author_avatar":"","neve_post_elements_order":"","neve_meta_disable_header":"","neve_meta_disable_footer":"","neve_meta_disable_title":"","footnotes":""},"class_list":["post-54","page","type-page","status-publish","hentry"],"yoast_head":"<!-- This site is optimized with the Yoast SEO plugin v22.0 - https:\/\/yoast.com\/wordpress\/plugins\/seo\/ -->\n<title>Liskot - Suomen matelijat ja sammakkoel&auml;imet<\/title>\n<meta name=\"description\" content=\"Suomessa tavattavat liskot ovat sisilisko, vaskitsa ja vuonna 2014 Lounais-Suomesta l\u00f6ydetty hietasisilisko.\" \/>\n<meta name=\"robots\" content=\"index, follow, max-snippet:-1, max-image-preview:large, max-video-preview:-1\" \/>\n<link rel=\"canonical\" href=\"https:\/\/jonnas.vlab.fi\/matelijat\/liskot\/\" \/>\n<meta property=\"og:locale\" content=\"en_US\" \/>\n<meta property=\"og:type\" content=\"article\" \/>\n<meta property=\"og:title\" content=\"Liskot - Suomen matelijat ja sammakkoel&auml;imet\" \/>\n<meta property=\"og:description\" content=\"Suomessa tavattavat liskot ovat sisilisko, vaskitsa ja vuonna 2014 Lounais-Suomesta l\u00f6ydetty hietasisilisko.\" \/>\n<meta property=\"og:url\" content=\"https:\/\/jonnas.vlab.fi\/matelijat\/liskot\/\" \/>\n<meta property=\"og:site_name\" content=\"Suomen matelijat ja sammakkoel&auml;imet\" \/>\n<meta property=\"article:modified_time\" content=\"2023-11-25T11:42:37+00:00\" \/>\n<meta property=\"og:image\" content=\"https:\/\/jonnas.vlab.fi\/matelijat\/wp-content\/uploads\/2023\/11\/IMG_3522-Edit-1024x615.jpg\" \/>\n<meta name=\"twitter:card\" content=\"summary_large_image\" \/>\n<meta name=\"twitter:label1\" content=\"Est. reading time\" \/>\n\t<meta name=\"twitter:data1\" content=\"2 minutes\" \/>\n<script type=\"application\/ld+json\" class=\"yoast-schema-graph\">{\"@context\":\"https:\/\/schema.org\",\"@graph\":[{\"@type\":\"WebPage\",\"@id\":\"https:\/\/jonnas.vlab.fi\/matelijat\/liskot\/\",\"url\":\"https:\/\/jonnas.vlab.fi\/matelijat\/liskot\/\",\"name\":\"Liskot - Suomen matelijat ja sammakkoel&auml;imet\",\"isPartOf\":{\"@id\":\"https:\/\/jonnas.vlab.fi\/matelijat\/#website\"},\"datePublished\":\"2023-11-17T04:28:11+00:00\",\"dateModified\":\"2023-11-25T11:42:37+00:00\",\"description\":\"Suomessa tavattavat liskot ovat sisilisko, vaskitsa ja vuonna 2014 Lounais-Suomesta l\u00f6ydetty hietasisilisko.\",\"breadcrumb\":{\"@id\":\"https:\/\/jonnas.vlab.fi\/matelijat\/liskot\/#breadcrumb\"},\"inLanguage\":\"en\",\"potentialAction\":[{\"@type\":\"ReadAction\",\"target\":[\"https:\/\/jonnas.vlab.fi\/matelijat\/liskot\/\"]}]},{\"@type\":\"BreadcrumbList\",\"@id\":\"https:\/\/jonnas.vlab.fi\/matelijat\/liskot\/#breadcrumb\",\"itemListElement\":[{\"@type\":\"ListItem\",\"position\":1,\"name\":\"Home\",\"item\":\"https:\/\/jonnas.vlab.fi\/matelijat\/\"},{\"@type\":\"ListItem\",\"position\":2,\"name\":\"Liskot\"}]},{\"@type\":\"WebSite\",\"@id\":\"https:\/\/jonnas.vlab.fi\/matelijat\/#website\",\"url\":\"https:\/\/jonnas.vlab.fi\/matelijat\/\",\"name\":\"Suomen matelijat ja sammakkoel&auml;imet\",\"description\":\"\",\"potentialAction\":[{\"@type\":\"SearchAction\",\"target\":{\"@type\":\"EntryPoint\",\"urlTemplate\":\"https:\/\/jonnas.vlab.fi\/matelijat\/?s={search_term_string}\"},\"query-input\":\"required name=search_term_string\"}],\"inLanguage\":\"en\"}]}<\/script>\n<!-- \/ Yoast SEO plugin. -->","yoast_head_json":{"title":"Liskot - Suomen matelijat ja sammakkoel&auml;imet","description":"Suomessa tavattavat liskot ovat sisilisko, vaskitsa ja vuonna 2014 Lounais-Suomesta l\u00f6ydetty hietasisilisko.","robots":{"index":"index","follow":"follow","max-snippet":"max-snippet:-1","max-image-preview":"max-image-preview:large","max-video-preview":"max-video-preview:-1"},"canonical":"https:\/\/jonnas.vlab.fi\/matelijat\/liskot\/","og_locale":"en_US","og_type":"article","og_title":"Liskot - Suomen matelijat ja sammakkoel&auml;imet","og_description":"Suomessa tavattavat liskot ovat sisilisko, vaskitsa ja vuonna 2014 Lounais-Suomesta l\u00f6ydetty hietasisilisko.","og_url":"https:\/\/jonnas.vlab.fi\/matelijat\/liskot\/","og_site_name":"Suomen matelijat ja sammakkoel&auml;imet","article_modified_time":"2023-11-25T11:42:37+00:00","og_image":[{"url":"https:\/\/jonnas.vlab.fi\/matelijat\/wp-content\/uploads\/2023\/11\/IMG_3522-Edit-1024x615.jpg"}],"twitter_card":"summary_large_image","twitter_misc":{"Est. reading time":"2 minutes"},"schema":{"@context":"https:\/\/schema.org","@graph":[{"@type":"WebPage","@id":"https:\/\/jonnas.vlab.fi\/matelijat\/liskot\/","url":"https:\/\/jonnas.vlab.fi\/matelijat\/liskot\/","name":"Liskot - Suomen matelijat ja sammakkoel&auml;imet","isPartOf":{"@id":"https:\/\/jonnas.vlab.fi\/matelijat\/#website"},"datePublished":"2023-11-17T04:28:11+00:00","dateModified":"2023-11-25T11:42:37+00:00","description":"Suomessa tavattavat liskot ovat sisilisko, vaskitsa ja vuonna 2014 Lounais-Suomesta l\u00f6ydetty hietasisilisko.","breadcrumb":{"@id":"https:\/\/jonnas.vlab.fi\/matelijat\/liskot\/#breadcrumb"},"inLanguage":"en","potentialAction":[{"@type":"ReadAction","target":["https:\/\/jonnas.vlab.fi\/matelijat\/liskot\/"]}]},{"@type":"BreadcrumbList","@id":"https:\/\/jonnas.vlab.fi\/matelijat\/liskot\/#breadcrumb","itemListElement":[{"@type":"ListItem","position":1,"name":"Home","item":"https:\/\/jonnas.vlab.fi\/matelijat\/"},{"@type":"ListItem","position":2,"name":"Liskot"}]},{"@type":"WebSite","@id":"https:\/\/jonnas.vlab.fi\/matelijat\/#website","url":"https:\/\/jonnas.vlab.fi\/matelijat\/","name":"Suomen matelijat ja sammakkoel&auml;imet","description":"","potentialAction":[{"@type":"SearchAction","target":{"@type":"EntryPoint","urlTemplate":"https:\/\/jonnas.vlab.fi\/matelijat\/?s={search_term_string}"},"query-input":"required name=search_term_string"}],"inLanguage":"en"}]}},"_links":{"self":[{"href":"https:\/\/jonnas.vlab.fi\/matelijat\/wp-json\/wp\/v2\/pages\/54","targetHints":{"allow":["GET"]}}],"collection":[{"href":"https:\/\/jonnas.vlab.fi\/matelijat\/wp-json\/wp\/v2\/pages"}],"about":[{"href":"https:\/\/jonnas.vlab.fi\/matelijat\/wp-json\/wp\/v2\/types\/page"}],"author":[{"embeddable":true,"href":"https:\/\/jonnas.vlab.fi\/matelijat\/wp-json\/wp\/v2\/users\/1"}],"replies":[{"embeddable":true,"href":"https:\/\/jonnas.vlab.fi\/matelijat\/wp-json\/wp\/v2\/comments?post=54"}],"version-history":[{"count":9,"href":"https:\/\/jonnas.vlab.fi\/matelijat\/wp-json\/wp\/v2\/pages\/54\/revisions"}],"predecessor-version":[{"id":484,"href":"https:\/\/jonnas.vlab.fi\/matelijat\/wp-json\/wp\/v2\/pages\/54\/revisions\/484"}],"wp:attachment":[{"href":"https:\/\/jonnas.vlab.fi\/matelijat\/wp-json\/wp\/v2\/media?parent=54"}],"curies":[{"name":"wp","href":"https:\/\/api.w.org\/{rel}","templated":true}]}}