{"id":120,"date":"2023-11-18T08:57:57","date_gmt":"2023-11-18T08:57:57","guid":{"rendered":"https:\/\/jonnas.vlab.fi\/matelijat\/?page_id=120"},"modified":"2023-11-25T12:56:26","modified_gmt":"2023-11-25T12:56:26","slug":"talvehtiminen-ja-kylmanhorros","status":"publish","type":"page","link":"https:\/\/jonnas.vlab.fi\/matelijat\/talvehtiminen-ja-kylmanhorros\/","title":{"rendered":"Talvehtiminen"},"content":{"rendered":"\n<p>Matelijoille ja sammakkoel\u00e4imille talvi on todellista hiljaiseloa. S\u00e4iden viilentyess\u00e4 niiden elintoiminnot ja liikkeet hidastuvat ja ravinnon samalla v\u00e4hetess\u00e4 niill\u00e4 ei ole muuta vaihtoehtoa kuin vaipua talveksi kylm\u00e4nhorrokseen. Horroksessa el\u00e4inten aineenvaihdunta hidastuu niin alhaiseksi, ett\u00e4 ne juuri ja juuri pysyv\u00e4t elossa. Niiden ruumiinl\u00e4mp\u00f6 laskee l\u00e4helle nollaa ja elimist\u00f6 k\u00e4ytt\u00e4\u00e4 s\u00e4\u00e4steli\u00e4\u00e4sti kes\u00e4n aikana ker\u00e4tty\u00e4 ihonalaista vararavintoa v\u00e4ltt\u00e4m\u00e4tt\u00f6mien elintoimintojen yll\u00e4pit\u00e4miseen.<\/p>\n\n\n\n<hr class=\"wp-block-separator has-alpha-channel-opacity\"\/>\n\n\n\n<h3 class=\"wp-block-heading\">Sammakot ja konnat<\/h3>\n\n\n\n<p>Sammakoiden ja konnien talvehtiminen alkaa maamme etel\u00e4osissa syys-lokakuussa, pohjoisessa hieman aikaisemmin. Siirtymisen talvehtimispaikoille k\u00e4ynnist\u00e4v\u00e4t usein ensimm\u00e4iset y\u00f6pakkaset.<\/p>\n\n\n\n<p>Sammakoilla toimii talvehtimispaikkana useimmiten riitt\u00e4v\u00e4n suuri lammikko tai merenlahti, jonka pohjamudassa sammakot viett\u00e4v\u00e4t talven horrostaen. Osa saattaa talvehtia my\u00f6s maakoloissa routarajan alapuolella. Rupikonnat talvehtivat valtaosin maakoloissa, mutta my\u00f6s vedess\u00e4 talvehtivia rupikonnia tavataan usein. Toisinaan rupikonnat hakeutuvat ulkorakennuksiin ja kellareihin etsim\u00e4\u00e4n sopivaa talvehtimispaikkaa.<\/p>\n\n\n\n<p>Sammakot saattavat liikehti\u00e4 vesien pohjalla talvella, mutta eiv\u00e4t sy\u00f6 mit\u00e4\u00e4n. Jos sammakon k\u00e4ytt\u00e4m\u00e4 vesi j\u00e4\u00e4tyy pohjaan saakka, tai ne eiv\u00e4t ole maalla ollessaan p\u00e4\u00e4sseet roudan alapuolelle, ovat niiden selviytymismahdollisuudet kylmin\u00e4 talvina heikot. Leutoina talvina sammakoita voi tavata hangelta loikkimasta tai j\u00e4\u00e4n alta uiskentelemasta.<\/p>\n\n\n\n<p>Kun ilman l\u00e4mp\u00f6tila kev\u00e4\u00e4ll\u00e4, huhti-toukokuun aikana, ylitt\u00e4\u00e4 +5 astetta, alkavat sammakot ja konnat k\u00f6mpi\u00e4 esiin talvipaikoistaan ja suunnata kohti lis\u00e4\u00e4ntymisalueita. Viitasammakko her\u00e4ilee yleens\u00e4 paria viikkoa tavallista ruskosammakkoa my\u00f6hemmin.<\/p>\n\n\n\n<figure class=\"wp-block-embed is-type-video is-provider-youtube wp-block-embed-youtube wp-embed-aspect-16-9 wp-has-aspect-ratio\"><div class=\"wp-block-embed__wrapper\">\n<div class=\"nv-iframe-embed\"><iframe loading=\"lazy\" title=\"Frogs Come Alive After Winter Thaw | National Geographic\" width=\"1200\" height=\"675\" src=\"https:\/\/www.youtube.com\/embed\/139NSc53RqQ?feature=oembed\" frameborder=\"0\" allow=\"accelerometer; autoplay; clipboard-write; encrypted-media; gyroscope; picture-in-picture; web-share\" allowfullscreen><\/iframe><\/div>\n<\/div><\/figure>\n\n\n\n<p><\/p>\n\n\n\n<hr class=\"wp-block-separator has-alpha-channel-opacity\"\/>\n\n\n\n<h3 class=\"wp-block-heading\">Manterit<\/h3>\n\n\n\n<p>Manterien horros alkaa elo-syyskuussa. Laji horrostaa p\u00e4\u00e4osin kuivalla maalla erilaisissa maakoloissa, mutta voivat toisinaan horrostaa my\u00f6s pienvesien pohjamudassa. Joskus rupimanterien on n\u00e4hty liikuskelevan vedess\u00e4 j\u00e4\u00e4n alla.<\/p>\n\n\n\n<p>Kev\u00e4\u00e4ll\u00e4 manterit tulevat esiin huhti-toukokuussa.<\/p>\n\n\n\n<figure class=\"wp-block-embed is-type-video is-provider-youtube wp-block-embed-youtube wp-embed-aspect-4-3 wp-has-aspect-ratio\"><div class=\"wp-block-embed__wrapper\">\n<div class=\"nv-iframe-embed\"><iframe loading=\"lazy\" title=\"Great crested newt entering hibernation site\" width=\"1200\" height=\"900\" src=\"https:\/\/www.youtube.com\/embed\/WqdIcyZpVfk?feature=oembed\" frameborder=\"0\" allow=\"accelerometer; autoplay; clipboard-write; encrypted-media; gyroscope; picture-in-picture; web-share\" allowfullscreen><\/iframe><\/div>\n<\/div><\/figure>\n\n\n\n<hr class=\"wp-block-separator has-alpha-channel-opacity\"\/>\n\n\n\n<h3 class=\"wp-block-heading\">K\u00e4\u00e4rmeet<\/h3>\n\n\n\n<p>K\u00e4\u00e4rmeet hakeutuvat usein syys-lokakuussa kivenkoloihin tai maan alle paikkoihin, jotka pysyv\u00e4t l\u00e4pi talven mahdollisimman tasal\u00e4mp\u00f6isin\u00e4. Matelijat siet\u00e4v\u00e4t vain pient\u00e4 pakkasta kuolematta. Pakkasessa matelijoiden solunesteet j\u00e4\u00e4tyv\u00e4t helposti. Matelijoiden on siis hakeuduttava talveksi paikkoihin, joihin pakkanen ei p\u00e4\u00e4se. Suositut talvehtimispaikat ovat k\u00e4yt\u00f6ss\u00e4 vuodesta toiseen ja niiss\u00e4 voi olla kymmeni\u00e4, jopa satoja k\u00e4\u00e4rmeit\u00e4. Samassa onkalossa voi talvehtia my\u00f6s sammakoita, jotka kes\u00e4ll\u00e4 olisivat k\u00e4\u00e4rmeille haluttuja saaliita. Ihmisten sanonta &#8220;Sopu sijaa antaa&#8221; p\u00e4tee hyvin sammakkoel\u00e4inten ja matelijoiden yhteisiin talvehtimispaikkoihin. Rantak\u00e4\u00e4rmeet aloittavat horroksensa hieman kyit\u00e4 aiemmin, elo-syyskuussa, ja suosivat rannan l\u00e4hell\u00e4 olevia kivikasoja ja louhikoita.<\/p>\n\n\n\n<p>Kev\u00e4\u00e4ll\u00e4 k\u00e4\u00e4rmeet ilmaantuvat paistattelemaan kev\u00e4tt\u00e4 huhti-toukokuussa. Kyykoiraat tulevat kev\u00e4\u00e4ll\u00e4 Etel\u00e4-Suomessa esiin huhtikuun alkupuolella, kun taas naaraat jatkavat talvikauttaan huhtikuun lopulle tai toukokuun alkuun. Pohjoisessa kyiden her\u00e4\u00e4minen menee aina kes\u00e4kuulle saakka.<\/p>\n\n\n\n<p>Kangask\u00e4\u00e4rmeiden talvehtimista ei ole Suomessa tutkittu. Iso-Britanniassa ne talvehtivat maaonkaloissa tai puiden juuristoissa, mist\u00e4 niit\u00e4 voi talvella tavata useitakin yksil\u00f6it\u00e4 samasta kolosta. Ilmeisesti horros Ahvenanmaalla alkaa syys-lokakuussa ja p\u00e4\u00e4ttyy huhti-toukokuun tienoilla.<\/p>\n\n\n\n<figure class=\"wp-block-embed is-type-video is-provider-youtube wp-block-embed-youtube wp-embed-aspect-16-9 wp-has-aspect-ratio\"><div class=\"wp-block-embed__wrapper\">\n<div class=\"nv-iframe-embed\"><iframe loading=\"lazy\" title=\"What Happens to Snakes in the Winter ? ;y\" width=\"1200\" height=\"675\" src=\"https:\/\/www.youtube.com\/embed\/RA2FG7A5JHQ?feature=oembed\" frameborder=\"0\" allow=\"accelerometer; autoplay; clipboard-write; encrypted-media; gyroscope; picture-in-picture; web-share\" allowfullscreen><\/iframe><\/div>\n<\/div><\/figure>\n\n\n\n<p><\/p>\n\n\n\n<hr class=\"wp-block-separator has-alpha-channel-opacity\"\/>\n\n\n\n<h3 class=\"wp-block-heading\">Liskot<\/h3>\n\n\n\n<p>Kun ilmat syksyll\u00e4 viilenev\u00e4t, hakeutuvat sisiliskot l\u00e4hemm\u00e4ksi talvehtimispaikkaansa. Aikuiset sisiliskot katoavat yleens\u00e4 n\u00e4kyvist\u00e4 Etel\u00e4-Suomessa elokuun aikana, mutta saman vuoden poikasia voi n\u00e4hd\u00e4 liikkeell\u00e4 viel\u00e4 syyskuussakin. Suosituimpia talvehtimispaikkoja ovat erilaiset lahokannot ja m\u00e4tt\u00e4\u00e4t, joiden sis\u00e4ll\u00e4 l\u00e4mp\u00f6tila ei talvellakaan laske kovin alas. Toinen vaihtoehto sisiliskolle ovat puiden juuristot tai muut maakolot, joissa liskojen pit\u00e4\u00e4 p\u00e4\u00e4st\u00e4 kaivautumaan aina routarajan alapuolelle. Samassa paikassa ei yleens\u00e4 talvehdi kuin yksi tai muutama sisilisko.<\/p>\n\n\n\n<p>Vaskitsat vet\u00e4ytyv\u00e4t horrospaikkoihinsa yleens\u00e4 syyskuun aikana. Laji talvehtii kivilouhikoissa, kantojen alla ja lehtikarikkeen peitt\u00e4miss\u00e4 puiden juuristoissa, sek\u00e4 toisinaan muurahaispesiss\u00e4. Hyv\u00e4ss\u00e4 horrospaikassa voi olla kerralla jopa kymmeni\u00e4 vaskitsoja.<\/p>\n\n\n\n<p>Kev\u00e4\u00e4ll\u00e4 ensimm\u00e4iset sisiliskokoiraat ry\u00f6miv\u00e4t etel\u00e4ss\u00e4 l\u00e4mmittelem\u00e4\u00e4n aurinkoisille p\u00e4lvipaikoille huhtikuun alkupuolella. Lapissa horros jatkuu aina pitk\u00e4lle toukokuuhun asti. Koiraiden j\u00e4lkeen esiin tulevat keskenkasvuiset yksil\u00f6t, ja naaraita alkaa n\u00e4ky\u00e4 vasta kolmisen viikkoa koiraiden j\u00e4lkeen.<\/p>\n\n\n\n<p>Ensimm\u00e4iset vaskitsat tulevat esiin kev\u00e4\u00e4ll\u00e4 huhti-toukokuun vaihteessa, ja kuten monilla muillakin lajeilla, ensimm\u00e4isen\u00e4 aktivoituvat koiraat.<\/p>\n\n\n\n<figure class=\"wp-block-embed is-type-video is-provider-youtube wp-block-embed-youtube wp-embed-aspect-16-9 wp-has-aspect-ratio\"><div class=\"wp-block-embed__wrapper\">\n<div class=\"nv-iframe-embed\"><iframe loading=\"lazy\" title=\"Lizard Stirs Awake From Winter Hibernation\" width=\"1200\" height=\"675\" src=\"https:\/\/www.youtube.com\/embed\/L-ygivt0ZtY?feature=oembed\" frameborder=\"0\" allow=\"accelerometer; autoplay; clipboard-write; encrypted-media; gyroscope; picture-in-picture; web-share\" allowfullscreen><\/iframe><\/div>\n<\/div><\/figure>\n\n\n\n<p><\/p>\n","protected":false},"excerpt":{"rendered":"<p>Matelijoille ja sammakkoel\u00e4imille talvi on todellista hiljaiseloa. S\u00e4iden viilentyess\u00e4 niiden elintoiminnot ja liikkeet hidastuvat ja ravinnon samalla v\u00e4hetess\u00e4 niill\u00e4 ei ole muuta vaihtoehtoa kuin vaipua talveksi kylm\u00e4nhorrokseen. Horroksessa el\u00e4inten aineenvaihdunta hidastuu niin alhaiseksi, ett\u00e4 ne juuri ja juuri pysyv\u00e4t elossa. Niiden ruumiinl\u00e4mp\u00f6 laskee l\u00e4helle nollaa ja elimist\u00f6 k\u00e4ytt\u00e4\u00e4 s\u00e4\u00e4steli\u00e4\u00e4sti kes\u00e4n aikana ker\u00e4tty\u00e4 ihonalaista vararavintoa v\u00e4ltt\u00e4m\u00e4tt\u00f6mien&hellip;&nbsp;<a href=\"https:\/\/jonnas.vlab.fi\/matelijat\/talvehtiminen-ja-kylmanhorros\/\" class=\"\" rel=\"bookmark\">Read More &raquo;<span class=\"screen-reader-text\">Talvehtiminen<\/span><\/a><\/p>\n","protected":false},"author":1,"featured_media":0,"parent":0,"menu_order":0,"comment_status":"closed","ping_status":"closed","template":"","meta":{"neve_meta_sidebar":"","neve_meta_container":"","neve_meta_enable_content_width":"","neve_meta_content_width":0,"neve_meta_title_alignment":"","neve_meta_author_avatar":"","neve_post_elements_order":"","neve_meta_disable_header":"","neve_meta_disable_footer":"","neve_meta_disable_title":"","footnotes":""},"class_list":["post-120","page","type-page","status-publish","hentry"],"yoast_head":"<!-- This site is optimized with the Yoast SEO plugin v22.0 - https:\/\/yoast.com\/wordpress\/plugins\/seo\/ -->\n<title>Talvehtiminen - Suomen matelijat ja sammakkoel&auml;imet<\/title>\n<meta name=\"description\" content=\"Matelijat ja sammakkoel\u00e4imet viett\u00e4v\u00e4t talven kylm\u00e4nhorroksessa. Horroksessa aineenvaihdunta hidastuu ja ruumiinl\u00e4mp\u00f6 laskee l\u00e4helle nollaa.\" \/>\n<meta name=\"robots\" content=\"index, follow, max-snippet:-1, max-image-preview:large, max-video-preview:-1\" \/>\n<link rel=\"canonical\" href=\"https:\/\/jonnas.vlab.fi\/matelijat\/talvehtiminen-ja-kylmanhorros\/\" \/>\n<meta property=\"og:locale\" content=\"en_US\" \/>\n<meta property=\"og:type\" content=\"article\" \/>\n<meta property=\"og:title\" content=\"Talvehtiminen - Suomen matelijat ja sammakkoel&auml;imet\" \/>\n<meta property=\"og:description\" content=\"Matelijat ja sammakkoel\u00e4imet viett\u00e4v\u00e4t talven kylm\u00e4nhorroksessa. Horroksessa aineenvaihdunta hidastuu ja ruumiinl\u00e4mp\u00f6 laskee l\u00e4helle nollaa.\" \/>\n<meta property=\"og:url\" content=\"https:\/\/jonnas.vlab.fi\/matelijat\/talvehtiminen-ja-kylmanhorros\/\" \/>\n<meta property=\"og:site_name\" content=\"Suomen matelijat ja sammakkoel&auml;imet\" \/>\n<meta property=\"article:modified_time\" content=\"2023-11-25T12:56:26+00:00\" \/>\n<meta name=\"twitter:card\" content=\"summary_large_image\" \/>\n<meta name=\"twitter:label1\" content=\"Est. reading time\" \/>\n\t<meta name=\"twitter:data1\" content=\"3 minutes\" \/>\n<script type=\"application\/ld+json\" class=\"yoast-schema-graph\">{\"@context\":\"https:\/\/schema.org\",\"@graph\":[{\"@type\":\"WebPage\",\"@id\":\"https:\/\/jonnas.vlab.fi\/matelijat\/talvehtiminen-ja-kylmanhorros\/\",\"url\":\"https:\/\/jonnas.vlab.fi\/matelijat\/talvehtiminen-ja-kylmanhorros\/\",\"name\":\"Talvehtiminen - Suomen matelijat ja sammakkoel&auml;imet\",\"isPartOf\":{\"@id\":\"https:\/\/jonnas.vlab.fi\/matelijat\/#website\"},\"datePublished\":\"2023-11-18T08:57:57+00:00\",\"dateModified\":\"2023-11-25T12:56:26+00:00\",\"description\":\"Matelijat ja sammakkoel\u00e4imet viett\u00e4v\u00e4t talven kylm\u00e4nhorroksessa. Horroksessa aineenvaihdunta hidastuu ja ruumiinl\u00e4mp\u00f6 laskee l\u00e4helle nollaa.\",\"breadcrumb\":{\"@id\":\"https:\/\/jonnas.vlab.fi\/matelijat\/talvehtiminen-ja-kylmanhorros\/#breadcrumb\"},\"inLanguage\":\"en\",\"potentialAction\":[{\"@type\":\"ReadAction\",\"target\":[\"https:\/\/jonnas.vlab.fi\/matelijat\/talvehtiminen-ja-kylmanhorros\/\"]}]},{\"@type\":\"BreadcrumbList\",\"@id\":\"https:\/\/jonnas.vlab.fi\/matelijat\/talvehtiminen-ja-kylmanhorros\/#breadcrumb\",\"itemListElement\":[{\"@type\":\"ListItem\",\"position\":1,\"name\":\"Home\",\"item\":\"https:\/\/jonnas.vlab.fi\/matelijat\/\"},{\"@type\":\"ListItem\",\"position\":2,\"name\":\"Talvehtiminen\"}]},{\"@type\":\"WebSite\",\"@id\":\"https:\/\/jonnas.vlab.fi\/matelijat\/#website\",\"url\":\"https:\/\/jonnas.vlab.fi\/matelijat\/\",\"name\":\"Suomen matelijat ja sammakkoel&auml;imet\",\"description\":\"\",\"potentialAction\":[{\"@type\":\"SearchAction\",\"target\":{\"@type\":\"EntryPoint\",\"urlTemplate\":\"https:\/\/jonnas.vlab.fi\/matelijat\/?s={search_term_string}\"},\"query-input\":\"required name=search_term_string\"}],\"inLanguage\":\"en\"}]}<\/script>\n<!-- \/ Yoast SEO plugin. -->","yoast_head_json":{"title":"Talvehtiminen - Suomen matelijat ja sammakkoel&auml;imet","description":"Matelijat ja sammakkoel\u00e4imet viett\u00e4v\u00e4t talven kylm\u00e4nhorroksessa. Horroksessa aineenvaihdunta hidastuu ja ruumiinl\u00e4mp\u00f6 laskee l\u00e4helle nollaa.","robots":{"index":"index","follow":"follow","max-snippet":"max-snippet:-1","max-image-preview":"max-image-preview:large","max-video-preview":"max-video-preview:-1"},"canonical":"https:\/\/jonnas.vlab.fi\/matelijat\/talvehtiminen-ja-kylmanhorros\/","og_locale":"en_US","og_type":"article","og_title":"Talvehtiminen - Suomen matelijat ja sammakkoel&auml;imet","og_description":"Matelijat ja sammakkoel\u00e4imet viett\u00e4v\u00e4t talven kylm\u00e4nhorroksessa. Horroksessa aineenvaihdunta hidastuu ja ruumiinl\u00e4mp\u00f6 laskee l\u00e4helle nollaa.","og_url":"https:\/\/jonnas.vlab.fi\/matelijat\/talvehtiminen-ja-kylmanhorros\/","og_site_name":"Suomen matelijat ja sammakkoel&auml;imet","article_modified_time":"2023-11-25T12:56:26+00:00","twitter_card":"summary_large_image","twitter_misc":{"Est. reading time":"3 minutes"},"schema":{"@context":"https:\/\/schema.org","@graph":[{"@type":"WebPage","@id":"https:\/\/jonnas.vlab.fi\/matelijat\/talvehtiminen-ja-kylmanhorros\/","url":"https:\/\/jonnas.vlab.fi\/matelijat\/talvehtiminen-ja-kylmanhorros\/","name":"Talvehtiminen - Suomen matelijat ja sammakkoel&auml;imet","isPartOf":{"@id":"https:\/\/jonnas.vlab.fi\/matelijat\/#website"},"datePublished":"2023-11-18T08:57:57+00:00","dateModified":"2023-11-25T12:56:26+00:00","description":"Matelijat ja sammakkoel\u00e4imet viett\u00e4v\u00e4t talven kylm\u00e4nhorroksessa. Horroksessa aineenvaihdunta hidastuu ja ruumiinl\u00e4mp\u00f6 laskee l\u00e4helle nollaa.","breadcrumb":{"@id":"https:\/\/jonnas.vlab.fi\/matelijat\/talvehtiminen-ja-kylmanhorros\/#breadcrumb"},"inLanguage":"en","potentialAction":[{"@type":"ReadAction","target":["https:\/\/jonnas.vlab.fi\/matelijat\/talvehtiminen-ja-kylmanhorros\/"]}]},{"@type":"BreadcrumbList","@id":"https:\/\/jonnas.vlab.fi\/matelijat\/talvehtiminen-ja-kylmanhorros\/#breadcrumb","itemListElement":[{"@type":"ListItem","position":1,"name":"Home","item":"https:\/\/jonnas.vlab.fi\/matelijat\/"},{"@type":"ListItem","position":2,"name":"Talvehtiminen"}]},{"@type":"WebSite","@id":"https:\/\/jonnas.vlab.fi\/matelijat\/#website","url":"https:\/\/jonnas.vlab.fi\/matelijat\/","name":"Suomen matelijat ja sammakkoel&auml;imet","description":"","potentialAction":[{"@type":"SearchAction","target":{"@type":"EntryPoint","urlTemplate":"https:\/\/jonnas.vlab.fi\/matelijat\/?s={search_term_string}"},"query-input":"required name=search_term_string"}],"inLanguage":"en"}]}},"_links":{"self":[{"href":"https:\/\/jonnas.vlab.fi\/matelijat\/wp-json\/wp\/v2\/pages\/120","targetHints":{"allow":["GET"]}}],"collection":[{"href":"https:\/\/jonnas.vlab.fi\/matelijat\/wp-json\/wp\/v2\/pages"}],"about":[{"href":"https:\/\/jonnas.vlab.fi\/matelijat\/wp-json\/wp\/v2\/types\/page"}],"author":[{"embeddable":true,"href":"https:\/\/jonnas.vlab.fi\/matelijat\/wp-json\/wp\/v2\/users\/1"}],"replies":[{"embeddable":true,"href":"https:\/\/jonnas.vlab.fi\/matelijat\/wp-json\/wp\/v2\/comments?post=120"}],"version-history":[{"count":5,"href":"https:\/\/jonnas.vlab.fi\/matelijat\/wp-json\/wp\/v2\/pages\/120\/revisions"}],"predecessor-version":[{"id":235,"href":"https:\/\/jonnas.vlab.fi\/matelijat\/wp-json\/wp\/v2\/pages\/120\/revisions\/235"}],"wp:attachment":[{"href":"https:\/\/jonnas.vlab.fi\/matelijat\/wp-json\/wp\/v2\/media?parent=120"}],"curies":[{"name":"wp","href":"https:\/\/api.w.org\/{rel}","templated":true}]}}